{"id":565,"date":"2018-10-23T14:31:48","date_gmt":"2018-10-23T14:31:48","guid":{"rendered":"http:\/\/198.27.80.203\/~bourget1\/desco\/about\/"},"modified":"2018-11-27T12:38:41","modified_gmt":"2018-11-27T17:38:41","slug":"about","status":"publish","type":"page","link":"https:\/\/descoinc.ca\/en\/about\/","title":{"rendered":"about"},"content":{"rendered":"<p>[vc_row css_animation=&#8221;&#8221; row_type=&#8221;row&#8221; use_row_as_full_screen_section=&#8221;no&#8221; type=&#8221;grid&#8221; angled_section=&#8221;no&#8221; text_align=&#8221;center&#8221; background_image_as_pattern=&#8221;without_pattern&#8221; css=&#8221;.vc_custom_1491907381408{padding-top: 78px !important;padding-bottom: 146px !important;}&#8221;][vc_column][qode_elements_holder number_of_columns=&#8221;two_columns&#8221;][qode_elements_holder_item item_padding=&#8221;0 5%&#8221; vertical_alignment=&#8221;middle&#8221; advanced_animations=&#8221;no&#8221; item_padding_600_768=&#8221;0 0 60px 0&#8243; item_padding_480_600=&#8221;0 0 60px 0&#8243; item_padding_480=&#8221;0 0 60px 0&#8243;][vc_column_text]<\/p>\n<h2 style=\"text-align: right;\"><span style=\"font-family: roboto;\">25<\/span> years of experience<\/h2>\n<p>[\/vc_column_text][vc_empty_space height=&#8221;38px&#8221;][vc_column_text]<\/p>\n<p style=\"text-align: right;\">Created in <span style=\"font-family: roboto;\">1993<\/span> by Jean Desch\u00easnes, Desco began operations in the design, manufacture, installation and also maintenance of all equipment related to the field of strand board (OSB).<\/p>\n<p style=\"text-align: right;\">Mr. Desch\u00easnes and his employees have made Desco a leader in its niche.<\/p>\n<p>&nbsp;<\/p>\n<p style=\"text-align: right;\">After more than <span style=\"font-family: roboto;\">20<\/span> years at the head of the company, Mr. Jean Desch\u00eanes decided to give his seat to the next generation. It&#8217;s now the time for Pierre-Luc Martel, Jean Bouchard and R\u00e9mi Harvey, to take over the management of the company in order to continue to chart the course of Mr. Desch\u00eanes.<\/p>\n<p>[\/vc_column_text][vc_empty_space height=&#8221;48px&#8221;][\/qode_elements_holder_item][qode_elements_holder_item vertical_alignment=&#8221;middle&#8221; advanced_animations=&#8221;no&#8221;][vc_single_image image=&#8221;764&#8243; img_size=&#8221;full&#8221; alignment=&#8221;center&#8221; qode_css_animation=&#8221;&#8221;][\/qode_elements_holder_item][\/qode_elements_holder][vc_empty_space height=&#8221;15px&#8221;][vc_column_text css=&#8221;.vc_custom_1541710449316{background-position: center !important;background-repeat: no-repeat !important;background-size: cover !important;}&#8221;]<\/p>\n<p style=\"text-align: center;\">The team has been also introduced into the sawmill sector. Once again involved in the design, manufacture, installation and optimization of various equipment. Since <span style=\"font-family: roboto;\">2008<\/span>, Desco inc. has a strong presence in the paper pulp sector. We have forged an enviable expertise in this area. Whether for machine maintenance or any other related equipment, Desco inc. has the team and the required tools for all the works.<\/p>\n<p>[\/vc_column_text][vc_empty_space height=&#8221;62px&#8221;][vc_column_text]<\/p>\n<h2 style=\"text-align: center;\">Desco it is<\/h2>\n<p>[\/vc_column_text][\/vc_column][\/vc_row][vc_row css_animation=&#8221;&#8221; row_type=&#8221;row&#8221; use_row_as_full_screen_section=&#8221;no&#8221; type=&#8221;grid&#8221; angled_section=&#8221;no&#8221; text_align=&#8221;center&#8221; background_image_as_pattern=&#8221;without_pattern&#8221;][vc_column width=&#8221;5\/6&#8243; offset=&#8221;vc_col-lg-offset-0 vc_col-lg-4 vc_col-md-offset-0 vc_col-md-4 vc_col-sm-offset-1&#8243;]<div class='q_icon_with_title large custom_icon_image center qode_iwt_hover_enabled '><div class=\"icon_holder \" style=\" \"><img itemprop=\"image\" style=\"\" src=\"https:\/\/descoinc.ca\/wp-content\/uploads\/2018\/11\/Icone_equipe_professionelle.png\" alt=\"\"><\/div><div class=\"icon_text_holder\" style=\"\"><div class=\"icon_text_inner\" style=\"\"><h5 class=\"icon_title\" style=\"color: #0a0a0a;\">Professional team<\/h5><p style=''><\/p><\/div><\/div><\/div>[vc_empty_space height=&#8221;60px&#8221;][\/vc_column][vc_column width=&#8221;5\/6&#8243; offset=&#8221;vc_col-lg-offset-0 vc_col-lg-4 vc_col-md-offset-0 vc_col-md-4 vc_col-sm-offset-1&#8243;]<div class='q_icon_with_title large custom_icon_image center qode_iwt_hover_enabled '><div class=\"icon_holder \" style=\" \"><img itemprop=\"image\" style=\"\" src=\"https:\/\/descoinc.ca\/wp-content\/uploads\/2018\/10\/Icone_expertise_tiny-2.png\" alt=\"\"><\/div><div class=\"icon_text_holder\" style=\"\"><div class=\"icon_text_inner\" style=\"\"><h5 class=\"icon_title\" style=\"color: #0a0a0a;\">Strong capacities<\/h5><p style=''><\/p><\/div><\/div><\/div>[vc_empty_space height=&#8221;60px&#8221;][\/vc_column][vc_column width=&#8221;5\/6&#8243; offset=&#8221;vc_col-lg-offset-0 vc_col-lg-4 vc_col-md-offset-0 vc_col-md-4 vc_col-sm-offset-1&#8243;]<div class='q_icon_with_title large custom_icon_image center qode_iwt_hover_enabled '><div class=\"icon_holder \" style=\" \"><img itemprop=\"image\" style=\"\" src=\"https:\/\/descoinc.ca\/wp-content\/uploads\/2018\/10\/Icone_Outillage_tiny-1.png\" alt=\"\"><\/div><div class=\"icon_text_holder\" style=\"\"><div class=\"icon_text_inner\" style=\"\"><h5 class=\"icon_title\" style=\"color: #0a0a0a;\">State of the art equipement<\/h5><p style=''><\/p><\/div><\/div><\/div>[vc_empty_space height=&#8221;60px&#8221;][\/vc_column][\/vc_row][vc_row css_animation=&#8221;&#8221; row_type=&#8221;row&#8221; use_row_as_full_screen_section=&#8221;no&#8221; type=&#8221;full_width&#8221; angled_section=&#8221;no&#8221; text_align=&#8221;left&#8221; background_image_as_pattern=&#8221;without_pattern&#8221;][vc_column][vc_empty_space height=&#8221;35px&#8221;][\/vc_column][\/vc_row][vc_row css_animation=&#8221;&#8221; row_type=&#8221;row&#8221; use_row_as_full_screen_section=&#8221;no&#8221; type=&#8221;grid&#8221; angled_section=&#8221;no&#8221; text_align=&#8221;center&#8221; background_image_as_pattern=&#8221;without_pattern&#8221; css=&#8221;.vc_custom_1473841428535{padding-top: 101px !important;background-color: #111111 !important;}&#8221;][vc_column][vc_empty_space height=&#8221;15px&#8221;][vc_column_text]<\/p>\n<h2><span style=\"color: #ffffff;\">To join us<\/span><\/h2>\n<p>[\/vc_column_text][\/vc_column][\/vc_row][vc_row css_animation=&#8221;&#8221; row_type=&#8221;row&#8221; use_row_as_full_screen_section=&#8221;no&#8221; type=&#8221;grid&#8221; angled_section=&#8221;no&#8221; text_align=&#8221;left&#8221; background_image_as_pattern=&#8221;without_pattern&#8221; css=&#8221;.vc_custom_1473842604367{padding-top: 97px !important;padding-bottom: 31px !important;background-color: #111111 !important;}&#8221;][vc_column offset=&#8221;vc_col-lg-6 vc_col-md-6&#8243;][vc_gmaps link=&#8221;#E-8_JTNDaWZyYW1lJTIwc3JjJTNEJTIyaHR0cHMlM0ElMkYlMkZ3d3cuZ29vZ2xlLmNvbSUyRm1hcHMlMkZlbWJlZCUzRnBiJTNEJTIxMW0xOCUyMTFtMTIlMjExbTMlMjExZDQzNTk3LjkyMDc5MDg0NDM2NCUyMTJkLTcyLjEwMjMyNTIxNTA3MzIxJTIxM2Q0OC40MzE2MTQyMzc3OTg0ODUlMjEybTMlMjExZjAlMjEyZjAlMjEzZjAlMjEzbTIlMjExaTEwMjQlMjEyaTc2OCUyMTRmMTMuMSUyMTNtMyUyMTFtMiUyMTFzMHg0Y2MxZTk3YjZjNzZiYjlmJTI1M0EweGI5OWY2NTFkMGJiM2YyNGMlMjEyc0Rlc2NvJTJCSW5jJTIxNWUwJTIxM20yJTIxMXNmciUyMTJzY2ElMjE0djE1NDA0MTEyODg4MTAlMjIlMjB3aWR0aCUzRCUyMjYwMCUyMiUyMGhlaWdodCUzRCUyMjQ1MCUyMiUyMGZyYW1lYm9yZGVyJTNEJTIyMCUyMiUyMHN0eWxlJTNEJTIyYm9yZGVyJTNBMCUyMiUyMGFsbG93ZnVsbHNjcmVlbiUzRSUzQyUyRmlmcmFtZSUzRQ==&#8221;][vc_empty_space height=&#8221;21px&#8221;][vc_column_text]<span style=\"color: #ffffff; font-weight: 400;\"><strong>Desco<\/strong><\/span><br \/>\n<span style=\"color: #ffffff; font-weight: 300;\"><span class=\"num\" style=\"color: #ffffff; font-weight: 300;\">69<\/span> Route <span class=\"num\" style=\"color: #ffffff; font-weight: 300;\">155<\/span> , Chambord, Qu\u00e9bec, G<span class=\"num\" style=\"color: #ffffff; font-weight: 300;\">0<\/span>W <span class=\"num\" style=\"color: #ffffff; font-weight: 300;\">1<\/span>G<span class=\"num\" style=\"color: #ffffff; font-weight: 300;\">0<\/span><\/span><br \/>\n<a style=\"color: #ffffff;\" href=\"mailto:info@descoinc.ca\">info@descoinc.ca<\/a>[\/vc_column_text][vc_empty_space height=&#8221;60px&#8221;][\/vc_column][vc_column offset=&#8221;vc_col-lg-6 vc_col-md-6&#8243;]<div role=\"form\" class=\"wpcf7\" id=\"wpcf7-f1013-o1\" lang=\"fr-FR\" dir=\"ltr\">\n<div class=\"screen-reader-response\"><p role=\"status\" aria-live=\"polite\" aria-atomic=\"true\"><\/p> <ul><\/ul><\/div>\n<form action=\"\/en\/wp-json\/wp\/v2\/pages\/565#wpcf7-f1013-o1\" method=\"post\" class=\"wpcf7-form init cf7_custom_style_1\" novalidate=\"novalidate\" data-status=\"init\">\n<div style=\"display: none;\">\n<input type=\"hidden\" name=\"_wpcf7\" value=\"1013\" \/>\n<input type=\"hidden\" name=\"_wpcf7_version\" value=\"5.5.2\" \/>\n<input type=\"hidden\" name=\"_wpcf7_locale\" value=\"fr_FR\" \/>\n<input type=\"hidden\" name=\"_wpcf7_unit_tag\" value=\"wpcf7-f1013-o1\" \/>\n<input type=\"hidden\" name=\"_wpcf7_container_post\" value=\"0\" \/>\n<input type=\"hidden\" name=\"_wpcf7_posted_data_hash\" value=\"\" \/>\n<input type=\"hidden\" name=\"_wpcf7_recaptcha_response\" value=\"\" \/>\n<\/div>\n<p><span class=\"wpcf7-form-control-wrap full-name\"><input type=\"text\" name=\"full-name\" value=\"\" size=\"40\" class=\"wpcf7-form-control wpcf7-text wpcf7-validates-as-required\" aria-required=\"true\" aria-invalid=\"false\" placeholder=\"Full Name\" \/><\/span><\/p>\n<p><span class=\"wpcf7-form-control-wrap email\"><input type=\"email\" name=\"email\" value=\"\" size=\"40\" class=\"wpcf7-form-control wpcf7-text wpcf7-email wpcf7-validates-as-required wpcf7-validates-as-email\" aria-required=\"true\" aria-invalid=\"false\" placeholder=\"E-Mail\" \/><\/span><\/p>\n<p><span class=\"wpcf7-form-control-wrap tel-83\"><input type=\"tel\" name=\"tel-83\" value=\"\" size=\"40\" class=\"wpcf7-form-control wpcf7-text wpcf7-tel wpcf7-validates-as-tel\" aria-invalid=\"false\" placeholder=\"Phone Number\" \/><\/span><\/p>\n<p><span class=\"wpcf7-form-control-wrap message\"><textarea name=\"message\" cols=\"40\" rows=\"10\" class=\"wpcf7-form-control wpcf7-textarea\" aria-invalid=\"false\" placeholder=\"Message\"><\/textarea><\/span><\/p>\n\n<p><input type=\"submit\" value=\"Send\" class=\"wpcf7-form-control has-spinner wpcf7-submit\" \/><\/p>\n<div class=\"wpcf7-response-output\" aria-hidden=\"true\"><\/div><\/form><\/div>[vc_empty_space height=&#8221;60px&#8221;][\/vc_column][\/vc_row]<\/p>\n","protected":false},"excerpt":{"rendered":"<p>[vc_row css_animation=&#8221;&#8221; row_type=&#8221;row&#8221; use_row_as_full_screen_section=&#8221;no&#8221; type=&#8221;grid&#8221; angled_section=&#8221;no&#8221; text_align=&#8221;center&#8221; background_image_as_pattern=&#8221;without_pattern&#8221; css=&#8221;.vc_custom_1491907381408{padding-top: 78px !important;padding-bottom: 146px !important;}&#8221;][vc_column][qode_elements_holder number_of_columns=&#8221;two_columns&#8221;][qode_elements_holder_item item_padding=&#8221;0 5%&#8221; vertical_alignment=&#8221;middle&#8221; advanced_animations=&#8221;no&#8221; item_padding_600_768=&#8221;0 0 60px 0&#8243; item_padding_480_600=&#8221;0 0 60px 0&#8243; item_padding_480=&#8221;0 0 60px 0&#8243;][vc_column_text] 25 years of experience [\/vc_column_text][vc_empty_space height=&#8221;38px&#8221;][vc_column_text] Created in 1993 by Jean Desch\u00easnes, Desco began operations&#8230;<\/p>\n","protected":false},"author":1,"featured_media":0,"parent":0,"menu_order":0,"comment_status":"closed","ping_status":"closed","template":"full_width.php","meta":[],"yoast_head":"<!-- This site is optimized with the Yoast SEO plugin v17.4 - https:\/\/yoast.com\/wordpress\/plugins\/seo\/ -->\n<meta name=\"robots\" content=\"index, follow, max-snippet:-1, max-image-preview:large, max-video-preview:-1\" \/>\n<link rel=\"canonical\" href=\"https:\/\/descoinc.ca\/en\/about\/\" \/>\n<meta property=\"og:locale\" content=\"en_US\" \/>\n<meta property=\"og:type\" content=\"article\" \/>\n<meta property=\"og:title\" content=\"about - Desco Inc.\" \/>\n<meta property=\"og:description\" content=\"[vc_row css_animation=&#8221;&#8221; row_type=&#8221;row&#8221; use_row_as_full_screen_section=&#8221;no&#8221; type=&#8221;grid&#8221; angled_section=&#8221;no&#8221; text_align=&#8221;center&#8221; background_image_as_pattern=&#8221;without_pattern&#8221; css=&#8221;.vc_custom_1491907381408{padding-top: 78px !important;padding-bottom: 146px !important;}&#8221;][vc_column][qode_elements_holder number_of_columns=&#8221;two_columns&#8221;][qode_elements_holder_item item_padding=&#8221;0 5%&#8221; vertical_alignment=&#8221;middle&#8221; advanced_animations=&#8221;no&#8221; item_padding_600_768=&#8221;0 0 60px 0&#8243; item_padding_480_600=&#8221;0 0 60px 0&#8243; item_padding_480=&#8221;0 0 60px 0&#8243;][vc_column_text] 25 years of experience [\/vc_column_text][vc_empty_space height=&#8221;38px&#8221;][vc_column_text] Created in 1993 by Jean Desch\u00easnes, Desco began operations...\" \/>\n<meta property=\"og:url\" content=\"https:\/\/descoinc.ca\/en\/about\/\" \/>\n<meta property=\"og:site_name\" content=\"Desco Inc.\" \/>\n<meta property=\"article:publisher\" content=\"https:\/\/www.facebook.com\/DescoChambord\/\" \/>\n<meta property=\"article:modified_time\" content=\"2018-11-27T17:38:41+00:00\" \/>\n<meta name=\"twitter:card\" content=\"summary_large_image\" \/>\n<meta name=\"twitter:label1\" content=\"Est. reading time\" \/>\n\t<meta name=\"twitter:data1\" content=\"4 minutes\" \/>\n<script type=\"application\/ld+json\" class=\"yoast-schema-graph\">{\"@context\":\"https:\/\/schema.org\",\"@graph\":[{\"@type\":\"Organization\",\"@id\":\"https:\/\/descoinc.ca\/#organization\",\"name\":\"Desco inc.\",\"url\":\"https:\/\/descoinc.ca\/\",\"sameAs\":[\"https:\/\/www.facebook.com\/DescoChambord\/\"],\"logo\":{\"@type\":\"ImageObject\",\"@id\":\"https:\/\/descoinc.ca\/#logo\",\"inLanguage\":\"en-US\",\"url\":\"https:\/\/descoinc.ca\/wp-content\/uploads\/2018\/10\/Desco_logo_petit-1.png\",\"contentUrl\":\"https:\/\/descoinc.ca\/wp-content\/uploads\/2018\/10\/Desco_logo_petit-1.png\",\"width\":275,\"height\":54,\"caption\":\"Desco inc.\"},\"image\":{\"@id\":\"https:\/\/descoinc.ca\/#logo\"}},{\"@type\":\"WebSite\",\"@id\":\"https:\/\/descoinc.ca\/#website\",\"url\":\"https:\/\/descoinc.ca\/\",\"name\":\"Desco Inc.\",\"description\":\"Desco Inc.\",\"publisher\":{\"@id\":\"https:\/\/descoinc.ca\/#organization\"},\"potentialAction\":[{\"@type\":\"SearchAction\",\"target\":{\"@type\":\"EntryPoint\",\"urlTemplate\":\"https:\/\/descoinc.ca\/?s={search_term_string}\"},\"query-input\":\"required name=search_term_string\"}],\"inLanguage\":\"en-US\"},{\"@type\":\"WebPage\",\"@id\":\"https:\/\/descoinc.ca\/en\/about\/#webpage\",\"url\":\"https:\/\/descoinc.ca\/en\/about\/\",\"name\":\"about - Desco Inc.\",\"isPartOf\":{\"@id\":\"https:\/\/descoinc.ca\/#website\"},\"datePublished\":\"2018-10-23T14:31:48+00:00\",\"dateModified\":\"2018-11-27T17:38:41+00:00\",\"breadcrumb\":{\"@id\":\"https:\/\/descoinc.ca\/en\/about\/#breadcrumb\"},\"inLanguage\":\"en-US\",\"potentialAction\":[{\"@type\":\"ReadAction\",\"target\":[\"https:\/\/descoinc.ca\/en\/about\/\"]}]},{\"@type\":\"BreadcrumbList\",\"@id\":\"https:\/\/descoinc.ca\/en\/about\/#breadcrumb\",\"itemListElement\":[{\"@type\":\"ListItem\",\"position\":1,\"name\":\"Accueil\",\"item\":\"https:\/\/descoinc.ca\/en\/\"},{\"@type\":\"ListItem\",\"position\":2,\"name\":\"about\"}]}]}<\/script>\n<!-- \/ Yoast SEO plugin. -->","yoast_head_json":{"robots":{"index":"index","follow":"follow","max-snippet":"max-snippet:-1","max-image-preview":"max-image-preview:large","max-video-preview":"max-video-preview:-1"},"canonical":"https:\/\/descoinc.ca\/en\/about\/","og_locale":"en_US","og_type":"article","og_title":"about - Desco Inc.","og_description":"[vc_row css_animation=&#8221;&#8221; row_type=&#8221;row&#8221; use_row_as_full_screen_section=&#8221;no&#8221; type=&#8221;grid&#8221; angled_section=&#8221;no&#8221; text_align=&#8221;center&#8221; background_image_as_pattern=&#8221;without_pattern&#8221; css=&#8221;.vc_custom_1491907381408{padding-top: 78px !important;padding-bottom: 146px !important;}&#8221;][vc_column][qode_elements_holder number_of_columns=&#8221;two_columns&#8221;][qode_elements_holder_item item_padding=&#8221;0 5%&#8221; vertical_alignment=&#8221;middle&#8221; advanced_animations=&#8221;no&#8221; item_padding_600_768=&#8221;0 0 60px 0&#8243; item_padding_480_600=&#8221;0 0 60px 0&#8243; item_padding_480=&#8221;0 0 60px 0&#8243;][vc_column_text] 25 years of experience [\/vc_column_text][vc_empty_space height=&#8221;38px&#8221;][vc_column_text] Created in 1993 by Jean Desch\u00easnes, Desco began operations...","og_url":"https:\/\/descoinc.ca\/en\/about\/","og_site_name":"Desco Inc.","article_publisher":"https:\/\/www.facebook.com\/DescoChambord\/","article_modified_time":"2018-11-27T17:38:41+00:00","twitter_card":"summary_large_image","twitter_misc":{"Est. reading time":"4 minutes"},"schema":{"@context":"https:\/\/schema.org","@graph":[{"@type":"Organization","@id":"https:\/\/descoinc.ca\/#organization","name":"Desco inc.","url":"https:\/\/descoinc.ca\/","sameAs":["https:\/\/www.facebook.com\/DescoChambord\/"],"logo":{"@type":"ImageObject","@id":"https:\/\/descoinc.ca\/#logo","inLanguage":"en-US","url":"https:\/\/descoinc.ca\/wp-content\/uploads\/2018\/10\/Desco_logo_petit-1.png","contentUrl":"https:\/\/descoinc.ca\/wp-content\/uploads\/2018\/10\/Desco_logo_petit-1.png","width":275,"height":54,"caption":"Desco inc."},"image":{"@id":"https:\/\/descoinc.ca\/#logo"}},{"@type":"WebSite","@id":"https:\/\/descoinc.ca\/#website","url":"https:\/\/descoinc.ca\/","name":"Desco Inc.","description":"Desco Inc.","publisher":{"@id":"https:\/\/descoinc.ca\/#organization"},"potentialAction":[{"@type":"SearchAction","target":{"@type":"EntryPoint","urlTemplate":"https:\/\/descoinc.ca\/?s={search_term_string}"},"query-input":"required name=search_term_string"}],"inLanguage":"en-US"},{"@type":"WebPage","@id":"https:\/\/descoinc.ca\/en\/about\/#webpage","url":"https:\/\/descoinc.ca\/en\/about\/","name":"about - Desco Inc.","isPartOf":{"@id":"https:\/\/descoinc.ca\/#website"},"datePublished":"2018-10-23T14:31:48+00:00","dateModified":"2018-11-27T17:38:41+00:00","breadcrumb":{"@id":"https:\/\/descoinc.ca\/en\/about\/#breadcrumb"},"inLanguage":"en-US","potentialAction":[{"@type":"ReadAction","target":["https:\/\/descoinc.ca\/en\/about\/"]}]},{"@type":"BreadcrumbList","@id":"https:\/\/descoinc.ca\/en\/about\/#breadcrumb","itemListElement":[{"@type":"ListItem","position":1,"name":"Accueil","item":"https:\/\/descoinc.ca\/en\/"},{"@type":"ListItem","position":2,"name":"about"}]}]}},"_links":{"self":[{"href":"https:\/\/descoinc.ca\/en\/wp-json\/wp\/v2\/pages\/565"}],"collection":[{"href":"https:\/\/descoinc.ca\/en\/wp-json\/wp\/v2\/pages"}],"about":[{"href":"https:\/\/descoinc.ca\/en\/wp-json\/wp\/v2\/types\/page"}],"author":[{"embeddable":true,"href":"https:\/\/descoinc.ca\/en\/wp-json\/wp\/v2\/users\/1"}],"replies":[{"embeddable":true,"href":"https:\/\/descoinc.ca\/en\/wp-json\/wp\/v2\/comments?post=565"}],"version-history":[{"count":12,"href":"https:\/\/descoinc.ca\/en\/wp-json\/wp\/v2\/pages\/565\/revisions"}],"predecessor-version":[{"id":1455,"href":"https:\/\/descoinc.ca\/en\/wp-json\/wp\/v2\/pages\/565\/revisions\/1455"}],"wp:attachment":[{"href":"https:\/\/descoinc.ca\/en\/wp-json\/wp\/v2\/media?parent=565"}],"curies":[{"name":"wp","href":"https:\/\/api.w.org\/{rel}","templated":true}]}}